{"id":40,"date":"2021-09-07T17:56:14","date_gmt":"2021-09-07T17:56:14","guid":{"rendered":"https:\/\/seafoami.com\/?page_id=40"},"modified":"2023-10-17T14:22:50","modified_gmt":"2023-10-17T19:22:50","slug":"our-company","status":"publish","type":"page","link":"https:\/\/seafoami.com\/es\/our-company\/","title":{"rendered":"Nuestra empresa"},"content":{"rendered":"<div class=\"wp-block-columns is-layout-flex wp-container-core-columns-is-layout-28f84493 wp-block-columns-is-layout-flex\">\n<div class=\"wp-block-column is-layout-flow wp-block-column-is-layout-flow\">\n<figure class=\"wp-block-image size-full\"><img loading=\"lazy\" width=\"560\" height=\"254\" src=\"https:\/\/seafoami.com\/wp-content\/uploads\/2021\/11\/Sea-Foam-International-Brand-Statement-V1.jpg\" alt=\"\" class=\"wp-image-26363\" title=\"\" srcset=\"https:\/\/seafoami.com\/wp-content\/uploads\/2021\/11\/Sea-Foam-International-Brand-Statement-V1.jpg 560w, https:\/\/seafoami.com\/wp-content\/uploads\/2021\/11\/Sea-Foam-International-Brand-Statement-V1-300x136.jpg 300w, https:\/\/seafoami.com\/wp-content\/uploads\/2021\/11\/Sea-Foam-International-Brand-Statement-V1-480x218.jpg 480w\" sizes=\"auto, (max-width: 560px) 100vw, 560px\" \/><\/figure>\n<\/div>\n\n\n\n<div class=\"wp-block-column is-layout-flow wp-block-column-is-layout-flow\">\n<figure class=\"wp-block-image size-full\"><img loading=\"lazy\" width=\"671\" height=\"295\" src=\"https:\/\/seafoami.com\/wp-content\/uploads\/2021\/09\/Sea-Foam-International-World-Map.jpg\" alt=\"\" class=\"wp-image-20\" title=\"\" srcset=\"https:\/\/seafoami.com\/wp-content\/uploads\/2021\/09\/Sea-Foam-International-World-Map.jpg 671w, https:\/\/seafoami.com\/wp-content\/uploads\/2021\/09\/Sea-Foam-International-World-Map-300x132.jpg 300w, https:\/\/seafoami.com\/wp-content\/uploads\/2021\/09\/Sea-Foam-International-World-Map-480x211.jpg 480w\" sizes=\"auto, (max-width: 671px) 100vw, 671px\" \/><\/figure>\n<\/div>\n<\/div>\n\n\n\n<h2 class=\"wp-block-heading\">CON LA CONFIANZA DE LOS MEC\u00c1NICOS DESDE 1942.<\/h2>\n\n\n\n<p>Sea Foam International, Inc. es la empresa hermana de Sea Foam Sales Company (<a href=\"https:\/\/seafoamworks.com\/\" data-type=\"URL\" data-id=\"https:\/\/seafoamworks.com\/\" target=\"_blank\" rel=\"noopener\">www.seafoamworks.com<\/a>), y a ambas se las conoce colectivamente como Sea Foam Enterprises. Nos dedicamos a ofrecer productos y oportunidades que dan una segunda oportunidad a motores, equipos y personas. Nuestro nicho de mercado consiste en ofrecer productos que son <strong>seguro<\/strong>, puede ser <strong>demostrado<\/strong>, y <strong>trabajo<\/strong>.<\/p>\n\n\n\n<p>Sea Foam Sales Company (SF) opera desde 1942 y se dedica a la fabricaci\u00f3n y venta de productos Sea Foam en el territorio de los Estados Unidos. Sea Foam International, Inc. (SFI) fabrica y comercializa productos Sea Foam fuera de los Estados Unidos. SFI se cre\u00f3 con el objetivo de formar un equipo totalmente dedicado a la expansi\u00f3n de los productos Sea Foam en todo el mundo, con la ayuda y el apoyo de todo el equipo de Sea Foam Enterprises.<\/p>\n\n\n\n<p>El producto estrella es Sea Foam Motor Treatment. Sea Foam Motor Treatment es un aditivo para motores \u00fanico y diferente, ya que se trata de un aditivo multisistema que puede introducirse en el sistema de admisi\u00f3n, el tanque de combustible y el c\u00e1rter. Ayuda a los usuarios de motores de combusti\u00f3n interna a eliminar las tres amenazas m\u00e1s graves para sus motores: la fricci\u00f3n, la humedad y los residuos de carbono.<\/p>\n\n\n\n<p>Solo en los \u00faltimos a\u00f1os, los consumidores han comprado m\u00e1s de <strong>100 000 000 de latas<\/strong> de Sea Foam Motor Treatment. Datos independientes de terceros muestran que Sea Foam Motor Treatment domina el mercado estadounidense con aproximadamente el 70 % de la cuota de mercado total en la categor\u00eda de aditivos multisistema.<\/p>\n\n\n\n<div style=\"height:2px\" aria-hidden=\"true\" class=\"wp-block-spacer sfi-spacer\"><\/div>\n\n\n\n<div class=\"wp-block-columns is-layout-flex wp-container-core-columns-is-layout-28f84493 wp-block-columns-is-layout-flex\">\n<div class=\"wp-block-column is-layout-flow wp-block-column-is-layout-flow\">\n<h2 class=\"wp-block-heading has-ast-global-color-0-color has-text-color\">NUESTRA MISI\u00d3N<\/h2>\n\n\n\n<p>Los productos Sea Foam se han ganado un p\u00fablico fiel como la opci\u00f3n de confianza para mec\u00e1nicos, aficionados a los veh\u00edculos y todo tipo de personas que aman los motores o dependen de ellos.<\/p>\n\n\n\n<p>Hemos crecido desde nuestros humildes comienzos, pero nuestra misi\u00f3n sigue siendo la misma: ofrecer productos seguros cuya eficacia est\u00e1 demostrada y que mantienen los motores y los equipos funcionando al m\u00e1ximo rendimiento.<\/p>\n<\/div>\n\n\n\n<div class=\"wp-block-column is-layout-flow wp-block-column-is-layout-flow\">\n<figure class=\"wp-block-video\"><video height=\"360\" style=\"aspect-ratio: 640 \/ 360;\" width=\"640\" controls poster=\"https:\/\/seafoami.com\/wp-content\/uploads\/2021\/09\/SEA-FOAM-VIMEO-LOGO-V2.jpg\" src=\"https:\/\/seafoami.com\/wp-content\/uploads\/2021\/09\/Join-The-Sea-Foam-Distribution-Team-SM05-SD360p-640x360-v20181008.mp4\"><\/video><\/figure>\n<\/div>\n<\/div>\n\n\n\n<div style=\"height:2px\" aria-hidden=\"true\" class=\"wp-block-spacer sfi-spacer\"><\/div>\n\n\n\n<figure class=\"wp-block-image alignwide size-large\"><img loading=\"lazy\" decoding=\"async\" width=\"1024\" height=\"791\" src=\"https:\/\/seafoami.com\/wp-content\/uploads\/2023\/10\/SFI-Our-History-SM1405985-v20231017-cWright_Page_2-1024x791.jpg\" alt=\"\" class=\"wp-image-399917\" title=\"\" srcset=\"https:\/\/seafoami.com\/wp-content\/uploads\/2023\/10\/SFI-Our-History-SM1405985-v20231017-cWright_Page_2-1024x791.jpg 1024w, https:\/\/seafoami.com\/wp-content\/uploads\/2023\/10\/SFI-Our-History-SM1405985-v20231017-cWright_Page_2-300x232.jpg 300w, https:\/\/seafoami.com\/wp-content\/uploads\/2023\/10\/SFI-Our-History-SM1405985-v20231017-cWright_Page_2-768x593.jpg 768w, https:\/\/seafoami.com\/wp-content\/uploads\/2023\/10\/SFI-Our-History-SM1405985-v20231017-cWright_Page_2-1536x1187.jpg 1536w, https:\/\/seafoami.com\/wp-content\/uploads\/2023\/10\/SFI-Our-History-SM1405985-v20231017-cWright_Page_2-2048x1583.jpg 2048w, https:\/\/seafoami.com\/wp-content\/uploads\/2023\/10\/SFI-Our-History-SM1405985-v20231017-cWright_Page_2-16x12.jpg 16w\" sizes=\"auto, (max-width: 1024px) 100vw, 1024px\" \/><\/figure>\n\n\n\n<div class=\"wp-block-columns is-layout-flex wp-container-core-columns-is-layout-28f84493 wp-block-columns-is-layout-flex\">\n<div class=\"wp-block-column is-layout-flow wp-block-column-is-layout-flow\">\n<figure class=\"wp-block-image size-full\"><img loading=\"lazy\" decoding=\"async\" width=\"500\" height=\"751\" src=\"https:\/\/seafoami.com\/wp-content\/uploads\/2021\/10\/Sea-Foam-Historical-Image-1.jpg\" alt=\"\" class=\"wp-image-25750\" title=\"\" srcset=\"https:\/\/seafoami.com\/wp-content\/uploads\/2021\/10\/Sea-Foam-Historical-Image-1.jpg 500w, https:\/\/seafoami.com\/wp-content\/uploads\/2021\/10\/Sea-Foam-Historical-Image-1-200x300.jpg 200w, https:\/\/seafoami.com\/wp-content\/uploads\/2021\/10\/Sea-Foam-Historical-Image-1-480x721.jpg 480w\" sizes=\"auto, (max-width: 500px) 100vw, 500px\" \/><\/figure>\n<\/div>\n\n\n\n<div class=\"wp-block-column is-layout-flow wp-block-column-is-layout-flow\">\n<figure class=\"wp-block-image size-full\"><img loading=\"lazy\" decoding=\"async\" width=\"500\" height=\"751\" src=\"https:\/\/seafoami.com\/wp-content\/uploads\/2021\/10\/Sea-Foam-Historical-Image-2-2.jpg\" alt=\"\" class=\"wp-image-25754\" title=\"\" srcset=\"https:\/\/seafoami.com\/wp-content\/uploads\/2021\/10\/Sea-Foam-Historical-Image-2-2.jpg 500w, https:\/\/seafoami.com\/wp-content\/uploads\/2021\/10\/Sea-Foam-Historical-Image-2-2-200x300.jpg 200w, https:\/\/seafoami.com\/wp-content\/uploads\/2021\/10\/Sea-Foam-Historical-Image-2-2-480x721.jpg 480w\" sizes=\"auto, (max-width: 500px) 100vw, 500px\" \/><\/figure>\n<\/div>\n\n\n\n<div class=\"wp-block-column is-layout-flow wp-block-column-is-layout-flow\">\n<figure class=\"wp-block-image size-full\"><img loading=\"lazy\" decoding=\"async\" width=\"500\" height=\"751\" src=\"https:\/\/seafoami.com\/wp-content\/uploads\/2021\/10\/Sea-Foam-Historical-Image-3-2.jpg\" alt=\"\" class=\"wp-image-25755\" title=\"\" srcset=\"https:\/\/seafoami.com\/wp-content\/uploads\/2021\/10\/Sea-Foam-Historical-Image-3-2.jpg 500w, https:\/\/seafoami.com\/wp-content\/uploads\/2021\/10\/Sea-Foam-Historical-Image-3-2-200x300.jpg 200w, https:\/\/seafoami.com\/wp-content\/uploads\/2021\/10\/Sea-Foam-Historical-Image-3-2-480x721.jpg 480w\" sizes=\"auto, (max-width: 500px) 100vw, 500px\" \/><\/figure>\n<\/div>\n<\/div>","protected":false},"excerpt":{"rendered":"<p>TRUSTED BY MECHANICS SINCE 1942. Sea Foam International, Inc. is the sister company to Sea Foam Sales Company (www.seafoamworks.com) , and the two are collectively referred to as Sea Foam Enterprises. We focus on providing products and opportunities that give second chances to engines, equipment and people. Our niche is providing products that are safe, [&hellip;]<\/p>\n","protected":false},"author":3,"featured_media":0,"parent":0,"menu_order":0,"comment_status":"closed","ping_status":"closed","template":"","meta":{"_acf_changed":false,"_uag_custom_page_level_css":"","_analytify_skip_tracking":false,"site-sidebar-layout":"no-sidebar","site-content-layout":"","ast-site-content-layout":"default","site-content-style":"default","site-sidebar-style":"default","ast-global-header-display":"","ast-banner-title-visibility":"","ast-main-header-display":"","ast-hfb-above-header-display":"","ast-hfb-below-header-display":"","ast-hfb-mobile-header-display":"","site-post-title":"","ast-breadcrumbs-content":"","ast-featured-img":"","footer-sml-layout":"","ast-disable-related-posts":"","theme-transparent-header-meta":"","adv-header-id-meta":"","stick-header-meta":"","header-above-stick-meta":"","header-main-stick-meta":"","header-below-stick-meta":"","astra-migrate-meta-layouts":"set","ast-page-background-enabled":"default","ast-page-background-meta":{"desktop":{"background-color":"var(--ast-global-color-4)","background-image":"","background-repeat":"repeat","background-position":"center center","background-size":"auto","background-attachment":"scroll","background-type":"","background-media":"","overlay-type":"","overlay-color":"","overlay-opacity":"","overlay-gradient":""},"tablet":{"background-color":"","background-image":"","background-repeat":"repeat","background-position":"center center","background-size":"auto","background-attachment":"scroll","background-type":"","background-media":"","overlay-type":"","overlay-color":"","overlay-opacity":"","overlay-gradient":""},"mobile":{"background-color":"","background-image":"","background-repeat":"repeat","background-position":"center center","background-size":"auto","background-attachment":"scroll","background-type":"","background-media":"","overlay-type":"","overlay-color":"","overlay-opacity":"","overlay-gradient":""}},"ast-content-background-meta":{"desktop":{"background-color":"var(--ast-global-color-5)","background-image":"","background-repeat":"repeat","background-position":"center center","background-size":"auto","background-attachment":"scroll","background-type":"","background-media":"","overlay-type":"","overlay-color":"","overlay-opacity":"","overlay-gradient":""},"tablet":{"background-color":"var(--ast-global-color-5)","background-image":"","background-repeat":"repeat","background-position":"center center","background-size":"auto","background-attachment":"scroll","background-type":"","background-media":"","overlay-type":"","overlay-color":"","overlay-opacity":"","overlay-gradient":""},"mobile":{"background-color":"var(--ast-global-color-5)","background-image":"","background-repeat":"repeat","background-position":"center center","background-size":"auto","background-attachment":"scroll","background-type":"","background-media":"","overlay-type":"","overlay-color":"","overlay-opacity":"","overlay-gradient":""}},"footnotes":""},"class_list":["post-40","page","type-page","status-publish","hentry"],"acf":[],"featured_image_src":null,"spectra_custom_meta":{"_edit_lock":["1697570570:5"],"_edit_last":["5"],"_wpsso_meta":["a:4:{s:10:\"og_type:is\";s:8:\"disabled\";s:12:\"opt_checksum\";s:32:\"e5ee2ecc1ad79559d24e598594ea877e\";s:12:\"opt_versions\";a:6:{s:5:\"wpsso\";s:3:\"853\";s:7:\"wpssobc\";s:1:\"8\";s:8:\"wpssofaq\";s:1:\"9\";s:7:\"wpssoum\";s:1:\"8\";s:8:\"wpssoorg\";s:2:\"10\";s:9:\"wpssojson\";s:2:\"53\";}s:15:\"plugin_checksum\";s:32:\"2d72880e3c0647f049a14aeff4639719\";}"],"_et_pb_post_hide_nav":["default"],"_et_pb_page_layout":["et_right_sidebar"],"_et_pb_side_nav":["off"],"_et_pb_use_builder":["on"],"_et_gb_content_width":[""],"_et_pb_built_for_post_type":["page"],"_et_pb_ab_subjects":[""],"_et_pb_enable_shortcode_tracking":[""],"_et_pb_ab_current_shortcode":["[et_pb_split_track id=\"40\" \/]"],"_et_pb_custom_css":[""],"_et_pb_gutter_width":["3"],"_global_colors_info":["{}"],"_et_pb_first_image":[""],"_et_pb_truncate_post":[""],"_et_pb_truncate_post_date":[""],"_et_builder_version":["VB|Divi|4.11.1"],"_et_pb_show_page_creation":["off"],"_thumbnail_id":["0"],"ub_ctt_via":[""],"site-sidebar-layout":["no-sidebar"],"theme-transparent-header-meta":[""],"adv-header-id-meta":[""],"stick-header-meta":[""],"cybocfi_hide_featured_image":[""],"_wpsso_head_info_schema_type":["article"],"_wpsso_head_info_og_type":["article"],"_wpsso_head_info_og_img_thumb":["a:1:{s:5:\"en_US\";s:229:\"<!-- getting thumbnail size for image ID 766 = success --><div class=\"wp-thumb-bg-img\" style=\"background-image:url(https:\/\/seafoami.com\/wp-content\/uploads\/2021\/09\/SEA-FOAM-Presents-1-150x150.png);\"><\/div><!-- .wp-thumb-bg-img -->\";}"],"_wpsso_head_info_og_desc":["a:1:{s:5:\"en_US\";s:291:\"Sea Foam International, Inc. is the sister company to Sea Foam Sales Company (www.seafoamworks.com) , and the two are collectively referred to as Sea Foam Enterprises. We focus on providing products and opportunities that give second chances to engines, equipment and people. Our niche is...\";}"],"rank_math_analytic_object_id":["80"],"_rank_math_video":["true"],"rank_math_schema_Article":["a:8:{s:8:\"headline\";s:11:\"%seo_title%\";s:11:\"description\";s:17:\"%seo_description%\";s:13:\"datePublished\";s:20:\"%date(Y-m-dTH:i:sP)%\";s:12:\"dateModified\";s:24:\"%modified(Y-m-dTH:i:sP)%\";s:5:\"image\";a:2:{s:5:\"@type\";s:11:\"ImageObject\";s:3:\"url\";s:16:\"%post_thumbnail%\";}s:6:\"author\";a:2:{s:5:\"@type\";s:6:\"Person\";s:4:\"name\";s:6:\"%name%\";}s:5:\"@type\";s:7:\"Article\";s:8:\"metadata\";a:3:{s:5:\"title\";s:7:\"Article\";s:4:\"type\";s:8:\"template\";s:9:\"isPrimary\";b:1;}}"],"rank_math_schema_VideoObject":["a:12:{s:5:\"@type\";s:11:\"VideoObject\";s:8:\"metadata\";a:8:{s:5:\"title\";s:5:\"Video\";s:4:\"type\";s:8:\"template\";s:9:\"shortcode\";s:15:\"s-62b337d85cea8\";s:9:\"isPrimary\";b:0;s:23:\"reviewLocationShortcode\";s:24:\"[rank_math_rich_snippet]\";s:8:\"category\";s:12:\"%categories%\";s:4:\"tags\";s:6:\"%tags%\";s:15:\"isAutoGenerated\";b:1;}s:4:\"name\";s:11:\"%seo_title%\";s:11:\"description\";s:17:\"%seo_description%\";s:10:\"uploadDate\";s:20:\"%date(Y-m-dTH:i:sP)%\";s:12:\"thumbnailUrl\";s:16:\"%post_thumbnail%\";s:8:\"embedUrl\";s:0:\"\";s:10:\"contentUrl\";s:117:\"https:\/\/seafoami.com\/wp-content\/uploads\/2021\/09\/Join-The-Sea-Foam-Distribution-Team-SM05-SD360p-640x360-v20181008.mp4\";s:8:\"duration\";s:0:\"\";s:5:\"width\";i:640;s:6:\"height\";i:360;s:16:\"isFamilyFriendly\";b:1;}"],"rank_math_seo_score":["69"],"rank_math_focus_keyword":["sea foam international"],"rank_math_og_content_image":["a:2:{s:5:\"check\";s:32:\"2d49701d5a7058f8ea6a73e98756e8ee\";s:6:\"images\";a:1:{i:0;i:26363;}}"],"footnotes":[""],"_mi_skip_tracking":[""],"ast-site-content-layout":["default"],"astra-migrate-meta-layouts":["set"],"meta_description":[""],"_meta_description":["field_61d9bc59aa540"],"_uag_migration_processed":["1"],"_uag_css_file_name":["uag-css-40.css"],"rank_math_internal_links_processed":["1"],"_uagb_previous_block_counts":["a:90:{s:21:\"uagb\/advanced-heading\";i:0;s:15:\"uagb\/blockquote\";i:0;s:12:\"uagb\/buttons\";i:0;s:18:\"uagb\/buttons-child\";i:0;s:19:\"uagb\/call-to-action\";i:0;s:15:\"uagb\/cf7-styler\";i:0;s:11:\"uagb\/column\";i:0;s:12:\"uagb\/columns\";i:0;s:14:\"uagb\/container\";i:0;s:21:\"uagb\/content-timeline\";i:0;s:27:\"uagb\/content-timeline-child\";i:0;s:14:\"uagb\/countdown\";i:0;s:12:\"uagb\/counter\";i:0;s:8:\"uagb\/faq\";i:0;s:14:\"uagb\/faq-child\";i:0;s:10:\"uagb\/forms\";i:0;s:17:\"uagb\/forms-accept\";i:0;s:19:\"uagb\/forms-checkbox\";i:0;s:15:\"uagb\/forms-date\";i:0;s:16:\"uagb\/forms-email\";i:0;s:17:\"uagb\/forms-hidden\";i:0;s:15:\"uagb\/forms-name\";i:0;s:16:\"uagb\/forms-phone\";i:0;s:16:\"uagb\/forms-radio\";i:0;s:17:\"uagb\/forms-select\";i:0;s:19:\"uagb\/forms-textarea\";i:0;s:17:\"uagb\/forms-toggle\";i:0;s:14:\"uagb\/forms-url\";i:0;s:14:\"uagb\/gf-styler\";i:0;s:15:\"uagb\/google-map\";i:0;s:11:\"uagb\/how-to\";i:0;s:16:\"uagb\/how-to-step\";i:0;s:9:\"uagb\/icon\";i:0;s:14:\"uagb\/icon-list\";i:0;s:20:\"uagb\/icon-list-child\";i:0;s:10:\"uagb\/image\";i:0;s:18:\"uagb\/image-gallery\";i:0;s:13:\"uagb\/info-box\";i:0;s:18:\"uagb\/inline-notice\";i:0;s:11:\"uagb\/lottie\";i:0;s:21:\"uagb\/marketing-button\";i:0;s:10:\"uagb\/modal\";i:0;s:18:\"uagb\/popup-builder\";i:0;s:16:\"uagb\/post-button\";i:0;s:18:\"uagb\/post-carousel\";i:0;s:17:\"uagb\/post-excerpt\";i:0;s:14:\"uagb\/post-grid\";i:0;s:15:\"uagb\/post-image\";i:0;s:17:\"uagb\/post-masonry\";i:0;s:14:\"uagb\/post-meta\";i:0;s:18:\"uagb\/post-taxonomy\";i:0;s:18:\"uagb\/post-timeline\";i:0;s:15:\"uagb\/post-title\";i:0;s:20:\"uagb\/restaurant-menu\";i:0;s:26:\"uagb\/restaurant-menu-child\";i:0;s:11:\"uagb\/review\";i:0;s:12:\"uagb\/section\";i:0;s:14:\"uagb\/separator\";i:0;s:11:\"uagb\/slider\";i:0;s:17:\"uagb\/slider-child\";i:0;s:17:\"uagb\/social-share\";i:0;s:23:\"uagb\/social-share-child\";i:0;s:16:\"uagb\/star-rating\";i:0;s:23:\"uagb\/sure-cart-checkout\";i:0;s:22:\"uagb\/sure-cart-product\";i:0;s:15:\"uagb\/sure-forms\";i:0;s:22:\"uagb\/table-of-contents\";i:0;s:9:\"uagb\/tabs\";i:0;s:15:\"uagb\/tabs-child\";i:0;s:18:\"uagb\/taxonomy-list\";i:0;s:9:\"uagb\/team\";i:0;s:16:\"uagb\/testimonial\";i:0;s:14:\"uagb\/wp-search\";i:0;s:19:\"uagb\/instagram-feed\";i:0;s:10:\"uagb\/login\";i:0;s:17:\"uagb\/loop-builder\";i:0;s:18:\"uagb\/loop-category\";i:0;s:20:\"uagb\/loop-pagination\";i:0;s:15:\"uagb\/loop-reset\";i:0;s:16:\"uagb\/loop-search\";i:0;s:14:\"uagb\/loop-sort\";i:0;s:17:\"uagb\/loop-wrapper\";i:0;s:13:\"uagb\/register\";i:0;s:19:\"uagb\/register-email\";i:0;s:24:\"uagb\/register-first-name\";i:0;s:23:\"uagb\/register-last-name\";i:0;s:22:\"uagb\/register-password\";i:0;s:30:\"uagb\/register-reenter-password\";i:0;s:19:\"uagb\/register-terms\";i:0;s:22:\"uagb\/register-username\";i:0;}"],"_uag_page_assets":["a:9:{s:3:\"css\";s:260:\".uag-blocks-common-selector{z-index:var(--z-index-desktop) !important}@media(max-width: 976px){.uag-blocks-common-selector{z-index:var(--z-index-tablet) !important}}@media(max-width: 767px){.uag-blocks-common-selector{z-index:var(--z-index-mobile) !important}}\";s:2:\"js\";s:0:\"\";s:18:\"current_block_list\";a:10:{i:0;s:12:\"core\/columns\";i:1;s:11:\"core\/column\";i:2;s:10:\"core\/image\";i:3;s:12:\"core\/heading\";i:4;s:14:\"core\/paragraph\";i:5;s:11:\"core\/spacer\";i:7;s:10:\"core\/video\";i:8;s:10:\"core\/group\";i:9;s:17:\"core\/latest-posts\";i:10;s:15:\"core\/categories\";}s:8:\"uag_flag\";b:0;s:11:\"uag_version\";i:1778737340;s:6:\"gfonts\";a:0:{}s:10:\"gfonts_url\";s:0:\"\";s:12:\"gfonts_files\";a:0:{}s:14:\"uag_faq_layout\";b:0;}"]},"uagb_featured_image_src":{"full":false,"thumbnail":false,"medium":false,"medium_large":false,"large":false,"1536x1536":false,"2048x2048":false,"trp-custom-language-flag":false,"gform-image-choice-sm":false,"gform-image-choice-md":false,"gform-image-choice-lg":false},"uagb_author_info":{"display_name":"Jakob Hals","author_link":"https:\/\/seafoami.com\/es\/author\/jake\/"},"uagb_comment_info":0,"uagb_excerpt":"TRUSTED BY MECHANICS SINCE 1942. Sea Foam International, Inc. is the sister company to Sea Foam Sales Company (www.seafoamworks.com) , and the two are collectively referred to as Sea Foam Enterprises. We focus on providing products and opportunities that give second chances to engines, equipment and people. Our niche is providing products that are safe,&hellip;","_links":{"self":[{"href":"https:\/\/seafoami.com\/es\/wp-json\/wp\/v2\/pages\/40","targetHints":{"allow":["GET"]}}],"collection":[{"href":"https:\/\/seafoami.com\/es\/wp-json\/wp\/v2\/pages"}],"about":[{"href":"https:\/\/seafoami.com\/es\/wp-json\/wp\/v2\/types\/page"}],"author":[{"embeddable":true,"href":"https:\/\/seafoami.com\/es\/wp-json\/wp\/v2\/users\/3"}],"replies":[{"embeddable":true,"href":"https:\/\/seafoami.com\/es\/wp-json\/wp\/v2\/comments?post=40"}],"version-history":[{"count":2,"href":"https:\/\/seafoami.com\/es\/wp-json\/wp\/v2\/pages\/40\/revisions"}],"predecessor-version":[{"id":399918,"href":"https:\/\/seafoami.com\/es\/wp-json\/wp\/v2\/pages\/40\/revisions\/399918"}],"wp:attachment":[{"href":"https:\/\/seafoami.com\/es\/wp-json\/wp\/v2\/media?parent=40"}],"curies":[{"name":"wp","href":"https:\/\/api.w.org\/{rel}","templated":true}]}}