{"id":509,"date":"2021-09-08T20:17:50","date_gmt":"2021-09-08T20:17:50","guid":{"rendered":"https:\/\/seafoami.com\/?page_id=509"},"modified":"2023-08-31T13:21:50","modified_gmt":"2023-08-31T18:21:50","slug":"terms-of-use","status":"publish","type":"page","link":"https:\/\/seafoami.com\/es\/terms-of-use\/","title":{"rendered":"Condiciones de uso"},"content":{"rendered":"<h4 class=\"wp-block-heading\">LEA ESTAS CONDICIONES DE USO ANTES DE UTILIZAR O ACCEDER A CUALQUIER PARTE DE ESTE SITIO WEB. SI NO EST\u00c1 DE ACUERDO CON ESTAS CONDICIONES, NO UTILICE ESTE SITIO WEB.<\/h4>\n\n\n\n<h5 class=\"wp-block-heading\">Informaci\u00f3n general<\/h5>\n\n\n\n<p>Bienvenido al sitio web de Sea Foam International, Inc. y sus filiales (denominadas colectivamente \u201cSea Foam\u201d). Este sitio web es propiedad de Sea Foam y\/o sus filiales, quienes se encargan de su gesti\u00f3n y mantenimiento, y ofrece informaci\u00f3n general sobre nuestra empresa, sus productos, el uso de los mismos, as\u00ed como otra informaci\u00f3n y listados de inter\u00e9s general. <strong>Es posible que los productos mencionados en este sitio web no est\u00e9n disponibles en su pa\u00eds.<\/strong> \u201cEl t\u00e9rmino \u201dsitio web\u00bb o \u00absitios web\u00bb, tal y como se utiliza en estas Condiciones, incluye nuestras p\u00e1ginas y aplicaciones en servicios de redes sociales de terceros, entre los que se incluyen, entre otros, YouTube\u00ae, Facebook\u00ae y X\u00ae (antes conocido como Twitter\u00ae). Gracias por visitarnos y por conocer m\u00e1s sobre nosotros.<\/p>\n\n\n\n<p>Estas condiciones rigen el uso que usted haga de los sitios web de Sea Foam en general. Es posible que se apliquen condiciones m\u00e1s espec\u00edficas o complementarias a algunos sitios web. <strong>LEA ATENTAMENTE ESTAS CONDICIONES, AS\u00cd COMO CUALQUIER T\u00c9RMINO Y CONDICI\u00d3N ESPEC\u00cdFICA Y\/O COMPLEMENTARIA, ANTES DE UTILIZAR CUALQUIER SITIO WEB DE SEA FOAM O DE SUS AFILIADOS.<\/strong><\/p>\n\n\n\n<h5 class=\"wp-block-heading\">Aceptaci\u00f3n de las condiciones de uso<\/h5>\n\n\n\n<p><strong>CADA VEZ QUE ACCEDA A NUESTROS SITIOS WEB O SERVICIOS, O LOS UTILICE, ACEPTA QUEDAR OBLIGADO POR LAS CONDICIONES DE USO, LA POL\u00cdTICA DE PRIVACIDAD Y\/O LOS T\u00c9RMINOS Y CONDICIONES ADICIONALES VIGENTES EN ESE MOMENTO.<\/strong> Asimismo, usted est\u00e1 sujeto al aviso de derechos de autor y a todas las leyes y normativas aplicables. Sea Foam se reserva el derecho de modificar estos T\u00e9rminos y de cambiar o eliminar informaci\u00f3n de este sitio web en cualquier momento. Si se determina que alg\u00fan t\u00e9rmino, condici\u00f3n o disposici\u00f3n de estos T\u00e9rminos es ilegal, inv\u00e1lido, nulo o inaplicable por cualquier motivo, la validez y aplicabilidad de los t\u00e9rminos, condiciones y disposiciones restantes no se ver\u00e1n afectadas ni menoscabadas de ninguna manera por ello. Estos T\u00e9rminos constituyen el acuerdo completo entre usted y Sea Foam en relaci\u00f3n con el tema aqu\u00ed tratado.<\/p>\n\n\n\n<h5 class=\"wp-block-heading\">Contrato vinculante<\/h5>\n\n\n\n<p>Las presentes Condiciones constituyen un contrato entre usted y Sea Foam, una sociedad de Dakota del Norte con domicilio social en P.O. Box 639, Bismarck, ND, EE. UU., as\u00ed como sus filiales y empresas asociadas. Salvo que se indique expresamente lo contrario en el presente documento, no existen terceros beneficiarios de este Contrato.<\/p>\n\n\n\n<h5 class=\"wp-block-heading\">Acuerdo<\/h5>\n\n\n\n<p>Al utilizar los Sitios web, usted declara ante Sea Foam que ha le\u00eddo, comprendido y aceptado expresamente quedar vinculado por el presente Acuerdo, as\u00ed como por los t\u00e9rminos, condiciones y avisos que en \u00e9l se incluyen o a los que se hace referencia, independientemente de si simplemente navega, utiliza o accede a un Sitio web de Sea Foam. Si no est\u00e1 de acuerdo con el Acuerdo, no podr\u00e1 utilizar los Sitios web de Sea Foam.<\/p>\n\n\n\n<h5 class=\"wp-block-heading\">Uso del sitio web y del material del sitio web<\/h5>\n\n\n\n<p>Este sitio web se pone a su disposici\u00f3n para su uso personal y no comercial. No podr\u00e1 copiar, reproducir, volver a publicar, publicar, distribuir, transmitir, modificar, extraer ni realizar miner\u00eda de datos de la totalidad o parte del material de este sitio web con fines comerciales sin la autorizaci\u00f3n previa por escrito de Sea Foam. Podr\u00e1 copiar material de este sitio web en cantidades limitadas para su uso personal y no comercial, siempre y cuando se incluya nuestro aviso de derechos de autor en el material copiado. El aviso de derechos de autor deber\u00e1 aparecer de la siguiente manera:<\/p>\n\n\n\n<p><br>\u00a9 Sea Foam International, Inc. 2023. Todos los derechos reservados.<\/p>\n\n\n\n<p><br>Sea Foam se reserva el derecho de rescindir en cualquier momento su autorizaci\u00f3n para realizar<br>copias del material de este sitio web.<\/p>\n\n\n\n<p>Sea Foam fomenta la participaci\u00f3n de los usuarios en este sitio web. Sin embargo, queda prohibido utilizar este sitio web para publicar o transmitir cualquier material ilegal, amenazante, calumnioso, difamatorio, obsceno, escandaloso, provocativo, pornogr\u00e1fico o blasfemo, as\u00ed como cualquier material que pueda constituir o fomentar una conducta ilegal. Sea Foam podr\u00e1, ocasionalmente, supervisar o revisar el material transmitido o publicado a trav\u00e9s de este sitio web y se reserva el derecho de eliminar cualquier material que la empresa considere inapropiado. Sea Foam no tiene ninguna obligaci\u00f3n de hacerlo y no asume ninguna responsabilidad derivada de cualquier<br>material transmitido o publicado a trav\u00e9s de este sitio web.<\/p>\n\n\n\n<h5 class=\"wp-block-heading\">Uso de cookies y otras tecnolog\u00edas<\/h5>\n\n\n\n<p>Sea Foam recurre a una o varias empresas para publicar anuncios de nuestros productos y servicios, as\u00ed como de terceros, en nuestro Sitio y en sitios de terceros. Se utilizan cookies y otras tecnolog\u00edas, como balizas web, p\u00edxeles o etiquetas, para medir la eficacia de nuestros anuncios y determinar el contenido y la publicidad que se le muestra en funci\u00f3n de sus intereses, tanto en nuestro sitio como en sitios de terceros y aplicaciones m\u00f3viles que pueda visitar. Para respaldar esta soluci\u00f3n de publicidad basada en intereses, nosotros y las empresas con las que hemos contratado podemos utilizar informaci\u00f3n no identificable personalmente sobre sus visitas a nuestro sitio web y a otros sitios web. La informaci\u00f3n recopilada no permite que ning\u00fan tercero lo identifique individualmente, sin el aviso o consentimiento apropiado<\/p>\n\n\n\n<p>Aunque esperamos que le resulte \u00fatil la publicidad que se le muestra en funci\u00f3n de sus intereses de navegaci\u00f3n (sin identificaci\u00f3n personal), si prefiere no participar en los servicios ofrecidos a trav\u00e9s de estas soluciones, siempre puede excluirse de esta actividad visitando el sitio web de la Network Advertising Initiative (NAI) y haciendo clic en http:\/\/www.networkadvertising.org\/managing\/opt_out.asp<\/p>\n\n\n\n<h5 class=\"wp-block-heading\">Consentimiento para recibir mensajes<\/h5>\n\n\n\n<p>Al utilizar los sitios web de Sea Foam, es posible que se le ofrezca la oportunidad de dar su consentimiento para recibir comunicaciones de nuestra parte por correo electr\u00f3nico, mensaje de texto y\/u otros medios. Se aplicar\u00e1n las tarifas est\u00e1ndar de mensajes de texto y llamadas. Usted acepta que los mensajes de texto, las llamadas o los mensajes pregrabados puedan ser generados por sistemas de marcaci\u00f3n telef\u00f3nica autom\u00e1tica. Puede darse de baja de las comunicaciones promocionales siguiendo las instrucciones de \u201cCancelar suscripci\u00f3n\u201d en los correos electr\u00f3nicos, o siguiendo otras instrucciones que figuren en la comunicaci\u00f3n. USTED RECONOCE QUE NO EST\u00c1 OBLIGADO A DAR SU CONSENTIMIENTO PARA RECIBIR MENSAJES DE TEXTO O LLAMADAS PROMOCIONALES COMO CONDICI\u00d3N PARA UTILIZAR LOS SITIOS WEB DE SEA FOAM.<\/p>\n\n\n\n<h5 class=\"wp-block-heading\">Concursos, sorteos y promociones<\/h5>\n\n\n\n<p>Los concursos, sorteos y otras promociones similares en los que participes en un sitio web de Sea Foam o en relaci\u00f3n con integraciones de Sea Foam con un sitio web, servicio, aplicaci\u00f3n, plataforma y\/o contenido de terceros, incluidos los correos electr\u00f3nicos (\u201cPromociones de Sea Foam\u201d), pueden estar sujetos a reglas y\/o condiciones oficiales que complementan este Acuerdo y que pueden proporcionar detalles que rigen la Promoci\u00f3n de Sea Foam, tales como requisitos de elegibilidad, instrucciones de participaci\u00f3n, fechas l\u00edmite, informaci\u00f3n sobre premios y restricciones. Si desea participar en cualquier Promoci\u00f3n de Sea Foam, revise primero las reglas y\/o condiciones oficiales aplicables. Si las reglas y\/o condiciones oficiales de una Promoci\u00f3n de Sea Foam entran en conflicto con este Acuerdo, las disposiciones contenidas en las reglas y\/o condiciones oficiales regir\u00e1n y controlar\u00e1n la Promoci\u00f3n de Sea Foam. Su participaci\u00f3n en una Promoci\u00f3n de Sea Foam puede requerir la creaci\u00f3n y\/o el env\u00edo y el consentimiento para el uso de Contenido Generado por el Usuario, y est\u00e1 sujeta a todas las disposiciones de este Acuerdo que rigen su env\u00edo y nuestro uso de su Contenido Generado por el Usuario.<\/p>\n\n\n\n<h5 class=\"wp-block-heading\">Privacidad<\/h5>\n\n\n\n<p>Le recomendamos que consulte nuestra Pol\u00edtica de privacidad para obtener informaci\u00f3n m\u00e1s detallada sobre nuestras pr\u00e1cticas de privacidad. Sea Foam opera en los Estados Unidos. En determinados casos, los datos de usuarios de otras jurisdicciones pueden transferirse a los Estados Unidos para su revisi\u00f3n o procesamiento. La gran mayor\u00eda de la informaci\u00f3n recopilada por Sea Foam no permite identificar personalmente a los usuarios.<\/p>\n\n\n\n<p>AL UTILIZAR ESTE SITIO WEB Y\/O PROPORCIONAR INFORMACI\u00d3N A SEA FOAM, USTED RECONOCE Y ACEPTA LA TRANSFERENCIA Y EL TRATAMIENTO DE SUS DATOS EN LOS ESTADOS UNIDOS. TAL Y COMO SE DESCRIBE EN EL PRESENTE DOCUMENTO, SEA FOAM NO ACEPTA NINGUNA RESPONSABILIDAD RELACIONADA CON LA TRANSFERENCIA Y EL TRATAMIENTO DE SU INFORMACI\u00d3N, SEG\u00daN LO ESTABLECIDO EN ESTOS T\u00c9RMINOS Y EN LA POL\u00cdTICA DE PRIVACIDAD. LE RECOMENDAMOS QUE REVISE ESTOS DOCUMENTOS CON ATENCI\u00d3N.<\/p>\n\n\n\n<h5 class=\"wp-block-heading\">Exenci\u00f3n de responsabilidad y limitaci\u00f3n de responsabilidad<\/h5>\n\n\n\n<p>Sea Foam se esfuerza por ofrecer contenido preciso y actualizado en este sitio web. Sin embargo, Sea Foam no ofrece ninguna garant\u00eda ni hace ninguna declaraci\u00f3n, y no garantiza su exactitud ni su integridad. Sea Foam no se hace responsable de ning\u00fan error u omisi\u00f3n en los materiales, la informaci\u00f3n o los hiperv\u00ednculos proporcionados en este sitio web, y el uso que usted haga de este sitio web es bajo su propia responsabilidad. Ni Sea Foam ni ninguna otra parte involucrada en la creaci\u00f3n de este sitio web ser\u00e1 responsable de ning\u00fan da\u00f1o, ya sea directo, indirecto o de otro tipo, que surja del uso de este sitio web por parte de cualquier persona.<br><br>EXENCI\u00d3N DE RESPONSABILIDAD DE GARANT\u00cdAS: LOS SITIOS WEB DE SEA FOAM SE PROPORCIONAN \u201cTAL CUAL\u201d Y \u201cSEG\u00daN DISPONIBILIDAD\u201d. SEA FOAM NO OFRECE NINGUNA DECLARACI\u00d3N NI GARANT\u00cdA RESPECTO A LA EXACTITUD, FIABILIDAD O EXHAUSTIVIDAD DEL CONTENIDO (TEXTO E IM\u00c1GENES) DE ESTE SITIO WEB. EN LA MEDIDA EN QUE LO PERMITA LA LEY, SEA FOAM RENUNCIA A TODA GARANT\u00cdA, EXPRESA O IMPL\u00cdCITA, INCLUIDAS, ENTRE OTRAS, LAS GARANT\u00cdAS IMPL\u00cdCITAS DE COMERCIABILIDAD, IDONEIDAD PARA UN FIN DETERMINADO Y NO INFRACCI\u00d3N. ADEM\u00c1S, SEA FOAM NO GARANTIZA QUE ESTE SITIO WEB O EL SERVIDOR QUE LO HACE DISPONIBLE EST\u00c9N LIBRES DE VIRUS INFORM\u00c1TICOS, GUSANOS, CABALLOS DE TROYA Y OTRO C\u00d3DIGO QUE PUEDA MANIFESTAR PROPIEDADES CONTAMINANTES O DESTRUCTIVAS. <\/p>\n\n\n\n<p>LIMITACI\u00d3N DE RESPONSABILIDAD \u2013 SEA FOAM NO SER\u00c1 RESPONSABLE ANTE USTED POR DA\u00d1OS INDIRECTOS, INCIDENTALES, ESPECIALES O CONSECUENCIALES, INCLUIDOS ELLUCRO DE BENEFICIOS Y LOS DA\u00d1OS A LA PROPIEDAD, INCLUSO SI SE NOS HUBIERA ADVERTIDO DE LA POSIBILIDAD DE TALES DA\u00d1OS, NI SEREMOS RESPONSABLES POR RETRASOS O FALLOS EN EL CUMPLIMIENTO QUE SE DEBEN A CAUSAS QUE ESCAPAN A NUESTRO CONTROL RAZONABLE. EN NING\u00daN CASO SEA FOAM SER\u00c1 RESPONSABLE DE NINGUNA P\u00c9RDIDA O DA\u00d1O, INCLUIDOS, ENTRE OTROS, LOS DA\u00d1OS INDIRECTOS O CONSECUENCIALES, NI DE NINGUNA P\u00c9RDIDA O DA\u00d1O QUE SURJA DE, O EN RELACI\u00d3N CON, EL USO DE ESTE SITIO WEB.<\/p>\n\n\n\n<p>EN NING\u00daN CASO NUESTRA RESPONSABILIDAD TOTAL HACIA USTED POR TODOS LOS DA\u00d1OS, P\u00c9RDIDAS<br>Y LAS CAUSAS DE ACCI\u00d3N SUPEREN LOS CIEN D\u00d3LARES ESTADOUNIDENSES (100 USD).<\/p>\n\n\n\n<h5 class=\"wp-block-heading\">Titularidad de la propiedad intelectual<\/h5>\n\n\n\n<p>Todos los nombres, logotipos, marcas de servicio y marcas registradas que aparecen en este sitio web, incluidas las marcas registradas, marcas de servicio, identidades de marca, personajes, nombres comerciales, gr\u00e1ficos, dise\u00f1os, derechos de autor, imagen comercial y cualquier otro elemento de propiedad intelectual (\u201cContenido\u201d), salvo que se indique lo contrario, son propiedad intelectual protegida o se utilizan con permiso o bajo licencia de Sea Foam. Queda estrictamente prohibido el uso del Contenido, salvo que se permita expl\u00edcitamente en el presente Acuerdo.<\/p>\n\n\n\n<p>Contenido generado por los usuarios<\/p>\n\n\n\n<p>Sea Foam est\u00e1 deseando recibir sus comentarios, opiniones, sugerencias, ideas, conceptos, fotograf\u00edas, diapositivas, gr\u00e1ficos, efectos visuales, animaciones y\/o pel\u00edculas, obras audiovisuales y grabaciones, v\u00eddeos y grabaciones de v\u00eddeo, as\u00ed como responder a sus preguntas sobre nuestros productos y nuestra empresa (\u201cContenido generado por el usuario\u201d). Tenga en cuenta, sin embargo, que, sin limitaci\u00f3n alguna, Sea Foam y sus afiliados ser\u00e1n, sin compensaci\u00f3n alguna, propietarios de todos los derechos conocidos actualmente o que existan en el futuro sobre el Contenido generado por el usuario y, por lo tanto, Sea Foam tendr\u00e1 derecho al uso sin restricciones del Contenido generado por el usuario para cualquier prop\u00f3sito, comercial o de otro tipo, incluyendo, sin limitaci\u00f3n, la reproducci\u00f3n, divulgaci\u00f3n, transmisi\u00f3n, publicaci\u00f3n o desarrollo. Usted, sin embargo, tiene derecho a solicitar que dejemos de utilizar el Contenido generado por el usuario creado por usted que constituya un testimonio a favor de Sea Foam, y aceptamos eliminar dicho testimonio del Sitio web en un plazo de 30 d\u00edas a partir de la recepci\u00f3n efectiva de dicha solicitud.<\/p>\n\n\n\n<p>Si se recibe Contenido generado por el usuario, usted reconoce que (1) tiene al menos 18 a\u00f1os de edad; (2) el Contenido generado por el usuario no se considerar\u00e1 confidencial ni de propiedad exclusiva, (3) Sea Foam no tiene ninguna obligaci\u00f3n de mantener la confidencialidad de dicha informaci\u00f3n, y (4) en caso de que se considere que Sea Foam no es el propietario del Contenido generado por el usuario, Sea Foam tendr\u00e1 el derecho irrestricto, irrevocable, mundial y libre de regal\u00edas de utilizar, comunicar, reproducir, publicar, exhibir, distribuir y explotar dicho Env\u00edo de cualquier manera que elija.<\/p>\n\n\n\n<h5 class=\"wp-block-heading\">Competencia y elecci\u00f3n del foro<\/h5>\n\n\n\n<p>Este sitio web es administrado por Sea Foam desde su sede corporativa en el estado de Dakota del Norte, Estados Unidos de Am\u00e9rica. El presente acuerdo se regir\u00e1 e interpretar\u00e1 de conformidad con las leyes del estado de Dakota del Norte, sin que sean de aplicaci\u00f3n los principios sobre conflicto de leyes. El uso de este sitio web implica su consentimiento irrevocable a la jurisdicci\u00f3n y competencia exclusivas de Dakota del Norte, y cualquier procedimiento legal deber\u00e1 interponerse exclusivamente ante un tribunal estatal o federal ubicado en el condado de Burleigh, Dakota del Norte.<\/p>\n\n\n\n<h5 class=\"wp-block-heading\">Informaci\u00f3n de contacto<\/h5>\n\n\n\n<p>Si tiene alguna pregunta, duda o comentario sobre las Condiciones de uso, p\u00f3ngase en contacto con nosotros en info@seafoami.com.<\/p>\n\n\n\n<p>v20230828<\/p>","protected":false},"excerpt":{"rendered":"<p>PLEASE READ THESE TERMS OF USE BEFORE USING OR ACCESSING ANY PORTION OF THIS WEBSITE. IF YOU DO NOT AGREE TO THESE TERMS AND CONDITIONS, DO NOT USE THIS WEBSITE. General Information Welcome to the Website for Sea Foam International, Inc. and its affiliates (collectively referred to as \u201cSea Foam\u201d). This Website is owned, operated, [&hellip;]<\/p>\n","protected":false},"author":3,"featured_media":0,"parent":0,"menu_order":0,"comment_status":"closed","ping_status":"closed","template":"","meta":{"_acf_changed":false,"_uag_custom_page_level_css":"","_analytify_skip_tracking":false,"site-sidebar-layout":"no-sidebar","site-content-layout":"","ast-site-content-layout":"default","site-content-style":"default","site-sidebar-style":"default","ast-global-header-display":"","ast-banner-title-visibility":"","ast-main-header-display":"","ast-hfb-above-header-display":"","ast-hfb-below-header-display":"","ast-hfb-mobile-header-display":"","site-post-title":"","ast-breadcrumbs-content":"","ast-featured-img":"","footer-sml-layout":"","ast-disable-related-posts":"","theme-transparent-header-meta":"","adv-header-id-meta":"","stick-header-meta":"","header-above-stick-meta":"","header-main-stick-meta":"","header-below-stick-meta":"","astra-migrate-meta-layouts":"set","ast-page-background-enabled":"default","ast-page-background-meta":{"desktop":{"background-color":"var(--ast-global-color-4)","background-image":"","background-repeat":"repeat","background-position":"center center","background-size":"auto","background-attachment":"scroll","background-type":"","background-media":"","overlay-type":"","overlay-color":"","overlay-opacity":"","overlay-gradient":""},"tablet":{"background-color":"","background-image":"","background-repeat":"repeat","background-position":"center center","background-size":"auto","background-attachment":"scroll","background-type":"","background-media":"","overlay-type":"","overlay-color":"","overlay-opacity":"","overlay-gradient":""},"mobile":{"background-color":"","background-image":"","background-repeat":"repeat","background-position":"center center","background-size":"auto","background-attachment":"scroll","background-type":"","background-media":"","overlay-type":"","overlay-color":"","overlay-opacity":"","overlay-gradient":""}},"ast-content-background-meta":{"desktop":{"background-color":"var(--ast-global-color-5)","background-image":"","background-repeat":"repeat","background-position":"center center","background-size":"auto","background-attachment":"scroll","background-type":"","background-media":"","overlay-type":"","overlay-color":"","overlay-opacity":"","overlay-gradient":""},"tablet":{"background-color":"var(--ast-global-color-5)","background-image":"","background-repeat":"repeat","background-position":"center center","background-size":"auto","background-attachment":"scroll","background-type":"","background-media":"","overlay-type":"","overlay-color":"","overlay-opacity":"","overlay-gradient":""},"mobile":{"background-color":"var(--ast-global-color-5)","background-image":"","background-repeat":"repeat","background-position":"center center","background-size":"auto","background-attachment":"scroll","background-type":"","background-media":"","overlay-type":"","overlay-color":"","overlay-opacity":"","overlay-gradient":""}},"footnotes":""},"class_list":["post-509","page","type-page","status-publish","hentry"],"acf":[],"featured_image_src":null,"spectra_custom_meta":{"_edit_lock":["1693506110:11"],"_edit_last":["11"],"_wpsso_meta":["a:4:{s:10:\"og_type:is\";s:8:\"disabled\";s:12:\"opt_checksum\";s:32:\"e5ee2ecc1ad79559d24e598594ea877e\";s:12:\"opt_versions\";a:6:{s:5:\"wpsso\";s:3:\"853\";s:7:\"wpssobc\";s:1:\"8\";s:8:\"wpssofaq\";s:1:\"9\";s:7:\"wpssoum\";s:1:\"8\";s:8:\"wpssoorg\";s:2:\"10\";s:9:\"wpssojson\";s:2:\"53\";}s:15:\"plugin_checksum\";s:32:\"2d72880e3c0647f049a14aeff4639719\";}"],"_et_pb_post_hide_nav":["default"],"_et_pb_page_layout":["et_right_sidebar"],"_et_pb_side_nav":["off"],"_et_pb_use_builder":["on"],"_et_pb_show_page_creation":["off"],"_et_pb_old_content":["<!-- wp:divi\/placeholder \/-->"],"_et_pb_built_for_post_type":["page"],"_et_pb_ab_subjects":[""],"_et_pb_enable_shortcode_tracking":[""],"_et_pb_ab_current_shortcode":["[et_pb_split_track id=\"509\" \/]"],"_et_pb_custom_css":[""],"_et_pb_gutter_width":["3"],"_thumbnail_id":["0"],"_global_colors_info":["{}"],"_et_pb_first_image":[""],"_et_pb_truncate_post":[""],"_et_pb_truncate_post_date":[""],"_et_builder_version":["VB|Divi|4.11.1"],"ub_ctt_via":[""],"site-sidebar-layout":["no-sidebar"],"theme-transparent-header-meta":[""],"adv-header-id-meta":[""],"stick-header-meta":[""],"cybocfi_hide_featured_image":[""],"_wpsso_head_info_schema_type":["article"],"_wpsso_head_info_og_type":["article"],"_wpsso_head_info_og_img_thumb":["a:1:{s:5:\"en_US\";s:225:\"<!-- getting thumbnail size for image ID 608 = success --><div class=\"wp-thumb-bg-img\" style=\"background-image:url(https:\/\/seafoami.com\/wp-content\/uploads\/2021\/09\/logo-1200x630-1-150x150.png);\"><\/div><!-- .wp-thumb-bg-img -->\";}"],"_wpsso_head_info_og_desc":["a:1:{s:5:\"en_US\";s:305:\"Welcome to the Website for Sea Foam International, Inc and its affiliates (collectively referred to as &ldquo;Sea Foam&rdquo;). This Website is owned, operated, and maintained by Sea Foam and offers general information about our company, products, product use, other information, and listing of general...\";}"],"rank_math_analytic_object_id":["73"],"_rank_math_video":["true"],"footnotes":[""],"rank_math_seo_score":["10"],"_mi_skip_tracking":[""],"ast-site-content-layout":["default"],"astra-migrate-meta-layouts":["set"],"meta_description":[""],"_meta_description":["field_61d9bc59aa540"],"_uag_migration_processed":["1"],"_uag_css_file_name":["uag-css-509.css"],"rank_math_internal_links_processed":["1"],"_uagb_previous_block_counts":["a:90:{s:21:\"uagb\/advanced-heading\";i:0;s:15:\"uagb\/blockquote\";i:0;s:12:\"uagb\/buttons\";i:0;s:18:\"uagb\/buttons-child\";i:0;s:19:\"uagb\/call-to-action\";i:0;s:15:\"uagb\/cf7-styler\";i:0;s:11:\"uagb\/column\";i:0;s:12:\"uagb\/columns\";i:0;s:14:\"uagb\/container\";i:0;s:21:\"uagb\/content-timeline\";i:0;s:27:\"uagb\/content-timeline-child\";i:0;s:14:\"uagb\/countdown\";i:0;s:12:\"uagb\/counter\";i:0;s:8:\"uagb\/faq\";i:0;s:14:\"uagb\/faq-child\";i:0;s:10:\"uagb\/forms\";i:0;s:17:\"uagb\/forms-accept\";i:0;s:19:\"uagb\/forms-checkbox\";i:0;s:15:\"uagb\/forms-date\";i:0;s:16:\"uagb\/forms-email\";i:0;s:17:\"uagb\/forms-hidden\";i:0;s:15:\"uagb\/forms-name\";i:0;s:16:\"uagb\/forms-phone\";i:0;s:16:\"uagb\/forms-radio\";i:0;s:17:\"uagb\/forms-select\";i:0;s:19:\"uagb\/forms-textarea\";i:0;s:17:\"uagb\/forms-toggle\";i:0;s:14:\"uagb\/forms-url\";i:0;s:14:\"uagb\/gf-styler\";i:0;s:15:\"uagb\/google-map\";i:0;s:11:\"uagb\/how-to\";i:0;s:16:\"uagb\/how-to-step\";i:0;s:9:\"uagb\/icon\";i:0;s:14:\"uagb\/icon-list\";i:0;s:20:\"uagb\/icon-list-child\";i:0;s:10:\"uagb\/image\";i:0;s:18:\"uagb\/image-gallery\";i:0;s:13:\"uagb\/info-box\";i:0;s:18:\"uagb\/inline-notice\";i:0;s:11:\"uagb\/lottie\";i:0;s:21:\"uagb\/marketing-button\";i:0;s:10:\"uagb\/modal\";i:0;s:18:\"uagb\/popup-builder\";i:0;s:16:\"uagb\/post-button\";i:0;s:18:\"uagb\/post-carousel\";i:0;s:17:\"uagb\/post-excerpt\";i:0;s:14:\"uagb\/post-grid\";i:0;s:15:\"uagb\/post-image\";i:0;s:17:\"uagb\/post-masonry\";i:0;s:14:\"uagb\/post-meta\";i:0;s:18:\"uagb\/post-taxonomy\";i:0;s:18:\"uagb\/post-timeline\";i:0;s:15:\"uagb\/post-title\";i:0;s:20:\"uagb\/restaurant-menu\";i:0;s:26:\"uagb\/restaurant-menu-child\";i:0;s:11:\"uagb\/review\";i:0;s:12:\"uagb\/section\";i:0;s:14:\"uagb\/separator\";i:0;s:11:\"uagb\/slider\";i:0;s:17:\"uagb\/slider-child\";i:0;s:17:\"uagb\/social-share\";i:0;s:23:\"uagb\/social-share-child\";i:0;s:16:\"uagb\/star-rating\";i:0;s:23:\"uagb\/sure-cart-checkout\";i:0;s:22:\"uagb\/sure-cart-product\";i:0;s:15:\"uagb\/sure-forms\";i:0;s:22:\"uagb\/table-of-contents\";i:0;s:9:\"uagb\/tabs\";i:0;s:15:\"uagb\/tabs-child\";i:0;s:18:\"uagb\/taxonomy-list\";i:0;s:9:\"uagb\/team\";i:0;s:16:\"uagb\/testimonial\";i:0;s:14:\"uagb\/wp-search\";i:0;s:19:\"uagb\/instagram-feed\";i:0;s:10:\"uagb\/login\";i:0;s:17:\"uagb\/loop-builder\";i:0;s:18:\"uagb\/loop-category\";i:0;s:20:\"uagb\/loop-pagination\";i:0;s:15:\"uagb\/loop-reset\";i:0;s:16:\"uagb\/loop-search\";i:0;s:14:\"uagb\/loop-sort\";i:0;s:17:\"uagb\/loop-wrapper\";i:0;s:13:\"uagb\/register\";i:0;s:19:\"uagb\/register-email\";i:0;s:24:\"uagb\/register-first-name\";i:0;s:23:\"uagb\/register-last-name\";i:0;s:22:\"uagb\/register-password\";i:0;s:30:\"uagb\/register-reenter-password\";i:0;s:19:\"uagb\/register-terms\";i:0;s:22:\"uagb\/register-username\";i:0;}"],"_uag_page_assets":["a:9:{s:3:\"css\";s:260:\".uag-blocks-common-selector{z-index:var(--z-index-desktop) !important}@media(max-width: 976px){.uag-blocks-common-selector{z-index:var(--z-index-tablet) !important}}@media(max-width: 767px){.uag-blocks-common-selector{z-index:var(--z-index-mobile) !important}}\";s:2:\"js\";s:0:\"\";s:18:\"current_block_list\";a:6:{i:0;s:12:\"core\/heading\";i:1;s:14:\"core\/paragraph\";i:2;s:10:\"core\/group\";i:3;s:17:\"core\/latest-posts\";i:4;s:15:\"core\/categories\";i:5;s:10:\"core\/image\";}s:8:\"uag_flag\";b:0;s:11:\"uag_version\";i:1778737340;s:6:\"gfonts\";a:0:{}s:10:\"gfonts_url\";s:0:\"\";s:12:\"gfonts_files\";a:0:{}s:14:\"uag_faq_layout\";b:0;}"]},"uagb_featured_image_src":{"full":false,"thumbnail":false,"medium":false,"medium_large":false,"large":false,"1536x1536":false,"2048x2048":false,"trp-custom-language-flag":false,"gform-image-choice-sm":false,"gform-image-choice-md":false,"gform-image-choice-lg":false},"uagb_author_info":{"display_name":"Jakob Hals","author_link":"https:\/\/seafoami.com\/es\/author\/jake\/"},"uagb_comment_info":0,"uagb_excerpt":"PLEASE READ THESE TERMS OF USE BEFORE USING OR ACCESSING ANY PORTION OF THIS WEBSITE. IF YOU DO NOT AGREE TO THESE TERMS AND CONDITIONS, DO NOT USE THIS WEBSITE. General Information Welcome to the Website for Sea Foam International, Inc. and its affiliates (collectively referred to as \u201cSea Foam\u201d). This Website is owned, operated,&hellip;","_links":{"self":[{"href":"https:\/\/seafoami.com\/es\/wp-json\/wp\/v2\/pages\/509","targetHints":{"allow":["GET"]}}],"collection":[{"href":"https:\/\/seafoami.com\/es\/wp-json\/wp\/v2\/pages"}],"about":[{"href":"https:\/\/seafoami.com\/es\/wp-json\/wp\/v2\/types\/page"}],"author":[{"embeddable":true,"href":"https:\/\/seafoami.com\/es\/wp-json\/wp\/v2\/users\/3"}],"replies":[{"embeddable":true,"href":"https:\/\/seafoami.com\/es\/wp-json\/wp\/v2\/comments?post=509"}],"version-history":[{"count":2,"href":"https:\/\/seafoami.com\/es\/wp-json\/wp\/v2\/pages\/509\/revisions"}],"predecessor-version":[{"id":147070,"href":"https:\/\/seafoami.com\/es\/wp-json\/wp\/v2\/pages\/509\/revisions\/147070"}],"wp:attachment":[{"href":"https:\/\/seafoami.com\/es\/wp-json\/wp\/v2\/media?parent=509"}],"curies":[{"name":"wp","href":"https:\/\/api.w.org\/{rel}","templated":true}]}}